{"id":43214,"date":"2019-12-10T12:55:07","date_gmt":"2019-12-10T17:55:07","guid":{"rendered":"https:\/\/panamaequity.com\/panama-travel-handbook-copy\/"},"modified":"2019-12-10T17:41:00","modified_gmt":"2019-12-10T22:41:00","slug":"alquila-compra-panama","status":"publish","type":"page","link":"https:\/\/www.panamaequity.com\/es\/alquila-compra-panama\/","title":{"rendered":"Gu\u00eda de Bienes Ra\u00edces: Alquila y Compra en Panam\u00e1"},"content":{"rendered":"\t\t<div data-elementor-type=\"wp-post\" data-elementor-id=\"43214\" class=\"elementor elementor-43214\" data-elementor-post-type=\"page\">\n\t\t\t\t\t\t<section class=\"elementor-section elementor-top-section elementor-element elementor-element-b7ea0ea elementor-section-boxed elementor-section-height-default elementor-section-height-default\" data-id=\"b7ea0ea\" data-element_type=\"section\" data-e-type=\"section\" data-settings=\"{&quot;background_background&quot;:&quot;classic&quot;}\">\n\t\t\t\t\t\t<div class=\"elementor-container elementor-column-gap-default\">\n\t\t\t\t\t<div class=\"elementor-column elementor-col-50 elementor-top-column elementor-element elementor-element-8d7cfbb\" data-id=\"8d7cfbb\" data-element_type=\"column\" data-e-type=\"column\">\n\t\t\t<div class=\"elementor-widget-wrap elementor-element-populated\">\n\t\t\t\t\t\t<div class=\"elementor-element elementor-element-71542ef elementor-widget elementor-widget-image\" data-id=\"71542ef\" data-element_type=\"widget\" data-e-type=\"widget\" data-widget_type=\"image.default\">\n\t\t\t\t<div class=\"elementor-widget-container\">\n\t\t\t\t\t\t\t\t\t\t\t\t\t\t\t\t<a href=\"http:\/\/www.panamaequity.com\/es\">\n\t\t\t\t\t\t\t<img decoding=\"async\" width=\"150\" height=\"150\" src=\"https:\/\/panama-equity-media.s3.amazonaws.com\/wp-content\/uploads\/2019\/04\/21034842\/logo-150x150.png\" class=\"attachment-thumbnail size-thumbnail wp-image-4776\" alt=\"panama equity logo\" srcset=\"https:\/\/panama-equity-media.s3.amazonaws.com\/wp-content\/uploads\/2019\/04\/21034842\/logo-150x150.png 150w, https:\/\/panama-equity-media.s3.amazonaws.com\/wp-content\/uploads\/2019\/04\/21034842\/logo-300x300.png 300w, https:\/\/panama-equity-media.s3.amazonaws.com\/wp-content\/uploads\/2019\/04\/21034842\/logo-100x100.png 100w, https:\/\/panama-equity-media.s3.amazonaws.com\/wp-content\/uploads\/2019\/04\/21034842\/logo-600x600.png 600w, https:\/\/panama-equity-media.s3.amazonaws.com\/wp-content\/uploads\/2019\/04\/21034842\/logo-768x768.png 768w, https:\/\/panama-equity-media.s3.amazonaws.com\/wp-content\/uploads\/2019\/04\/21034842\/logo-210x210.png 210w, https:\/\/panama-equity-media.s3.amazonaws.com\/wp-content\/uploads\/2019\/04\/21034842\/logo.png 960w\" sizes=\"(max-width: 150px) 100vw, 150px\" \/>\t\t\t\t\t\t\t\t<\/a>\n\t\t\t\t\t\t\t\t\t\t\t\t\t\t\t<\/div>\n\t\t\t\t<\/div>\n\t\t\t\t\t<\/div>\n\t\t<\/div>\n\t\t\t\t<div class=\"elementor-column elementor-col-50 elementor-top-column elementor-element elementor-element-bc8f274\" data-id=\"bc8f274\" data-element_type=\"column\" data-e-type=\"column\">\n\t\t\t<div class=\"elementor-widget-wrap elementor-element-populated\">\n\t\t\t\t\t\t<div class=\"elementor-element elementor-element-548aec3 elementor-align-right elementor-hidden-tablet elementor-hidden-phone elementor-widget elementor-widget-button\" data-id=\"548aec3\" data-element_type=\"widget\" data-e-type=\"widget\" data-widget_type=\"button.default\">\n\t\t\t\t<div class=\"elementor-widget-container\">\n\t\t\t\t\t\t\t\t\t<div class=\"elementor-button-wrapper\">\n\t\t\t\t\t<a class=\"elementor-button elementor-button-link elementor-size-sm elementor-animation-grow\" href=\"http:\/\/www.panamaequity.com\/es\">\n\t\t\t\t\t\t<span class=\"elementor-button-content-wrapper\">\n\t\t\t\t\t\t<span class=\"elementor-button-icon\">\n\t\t\t\t\t\t\t\t\t<i class=\"fa fa-home\" aria-hidden=\"true\"><\/i>\n\t\t\t\t\t\t\t<\/span>\n\t\t\t\t\t\t\t\t\t<span class=\"elementor-button-text\">Hogar<\/span>\n\t\t\t\t\t<\/span>\n\t\t\t\t\t<\/a>\n\t\t\t\t<\/div>\n\t\t\t\t\t\t\t\t<\/div>\n\t\t\t\t<\/div>\n\t\t\t\t\t<\/div>\n\t\t<\/div>\n\t\t\t\t\t<\/div>\n\t\t<\/section>\n\t\t\t\t<section class=\"elementor-section elementor-top-section elementor-element elementor-element-51fa093b elementor-section-height-full elementor-section-boxed elementor-section-height-default elementor-section-items-middle\" data-id=\"51fa093b\" data-element_type=\"section\" data-e-type=\"section\" data-settings=\"{&quot;background_background&quot;:&quot;classic&quot;,&quot;shape_divider_bottom&quot;:&quot;mountains&quot;}\">\n\t\t\t\t\t\t\t<div class=\"elementor-background-overlay\"><\/div>\n\t\t\t\t\t\t<div class=\"elementor-shape elementor-shape-bottom\" aria-hidden=\"true\" data-negative=\"false\">\n\t\t\t<svg xmlns=\"http:\/\/www.w3.org\/2000\/svg\" viewBox=\"0 0 1000 100\" preserveAspectRatio=\"none\">\n\t<path class=\"elementor-shape-fill\" opacity=\"0.33\" d=\"M473,67.3c-203.9,88.3-263.1-34-320.3,0C66,119.1,0,59.7,0,59.7V0h1000v59.7 c0,0-62.1,26.1-94.9,29.3c-32.8,3.3-62.8-12.3-75.8-22.1C806,49.6,745.3,8.7,694.9,4.7S492.4,59,473,67.3z\"\/>\n\t<path class=\"elementor-shape-fill\" opacity=\"0.66\" d=\"M734,67.3c-45.5,0-77.2-23.2-129.1-39.1c-28.6-8.7-150.3-10.1-254,39.1 s-91.7-34.4-149.2,0C115.7,118.3,0,39.8,0,39.8V0h1000v36.5c0,0-28.2-18.5-92.1-18.5C810.2,18.1,775.7,67.3,734,67.3z\"\/>\n\t<path class=\"elementor-shape-fill\" d=\"M766.1,28.9c-200-57.5-266,65.5-395.1,19.5C242,1.8,242,5.4,184.8,20.6C128,35.8,132.3,44.9,89.9,52.5C28.6,63.7,0,0,0,0 h1000c0,0-9.9,40.9-83.6,48.1S829.6,47,766.1,28.9z\"\/>\n<\/svg>\t\t<\/div>\n\t\t\t\t\t<div class=\"elementor-container elementor-column-gap-default\">\n\t\t\t\t\t<div class=\"elementor-column elementor-col-100 elementor-top-column elementor-element elementor-element-dbfe159\" data-id=\"dbfe159\" data-element_type=\"column\" data-e-type=\"column\" data-settings=\"{&quot;background_background&quot;:&quot;classic&quot;}\">\n\t\t\t<div class=\"elementor-widget-wrap elementor-element-populated\">\n\t\t\t\t\t<div class=\"elementor-background-overlay\"><\/div>\n\t\t\t\t\t\t<section class=\"elementor-section elementor-inner-section elementor-element elementor-element-6916e6c3 elementor-section-content-middle elementor-section-boxed elementor-section-height-default elementor-section-height-default\" data-id=\"6916e6c3\" data-element_type=\"section\" data-e-type=\"section\">\n\t\t\t\t\t\t<div class=\"elementor-container elementor-column-gap-default\">\n\t\t\t\t\t<div class=\"elementor-column elementor-col-50 elementor-inner-column elementor-element elementor-element-2bf9c5d5\" data-id=\"2bf9c5d5\" data-element_type=\"column\" data-e-type=\"column\">\n\t\t\t<div class=\"elementor-widget-wrap elementor-element-populated\">\n\t\t\t\t\t\t<div class=\"elementor-element elementor-element-29287ae6 elementor-hidden-tablet elementor-hidden-phone elementor-widget elementor-widget-image\" data-id=\"29287ae6\" data-element_type=\"widget\" data-e-type=\"widget\" data-widget_type=\"image.default\">\n\t\t\t\t<div class=\"elementor-widget-container\">\n\t\t\t\t\t\t\t\t\t\t\t\t\t\t\t<img fetchpriority=\"high\" decoding=\"async\" width=\"795\" height=\"1003\" src=\"https:\/\/panama-equity-media.s3.amazonaws.com\/wp-content\/uploads\/2019\/12\/21025245\/Gui%CC%81a-de-Bienes-Rai%CC%81ces-Alquila-y-Compra-en-Panama%CC%81-3d.png\" class=\"attachment-full size-full wp-image-43220\" alt=\"Alquila-y-Compra-en-Panama\u0301\" srcset=\"https:\/\/panama-equity-media.s3.amazonaws.com\/wp-content\/uploads\/2019\/12\/21025245\/Gui%CC%81a-de-Bienes-Rai%CC%81ces-Alquila-y-Compra-en-Panama%CC%81-3d.png 795w, https:\/\/panama-equity-media.s3.amazonaws.com\/wp-content\/uploads\/2019\/12\/21025245\/Gui%CC%81a-de-Bienes-Rai%CC%81ces-Alquila-y-Compra-en-Panama%CC%81-3d-600x757.png 600w, https:\/\/panama-equity-media.s3.amazonaws.com\/wp-content\/uploads\/2019\/12\/21025245\/Gui%CC%81a-de-Bienes-Rai%CC%81ces-Alquila-y-Compra-en-Panama%CC%81-3d-238x300.png 238w, https:\/\/panama-equity-media.s3.amazonaws.com\/wp-content\/uploads\/2019\/12\/21025245\/Gui%CC%81a-de-Bienes-Rai%CC%81ces-Alquila-y-Compra-en-Panama%CC%81-3d-768x969.png 768w, https:\/\/panama-equity-media.s3.amazonaws.com\/wp-content\/uploads\/2019\/12\/21025245\/Gui%CC%81a-de-Bienes-Rai%CC%81ces-Alquila-y-Compra-en-Panama%CC%81-3d-119x150.png 119w\" sizes=\"(max-width: 795px) 100vw, 795px\" \/>\t\t\t\t\t\t\t\t\t\t\t\t\t\t\t<\/div>\n\t\t\t\t<\/div>\n\t\t\t\t\t<\/div>\n\t\t<\/div>\n\t\t\t\t<div class=\"elementor-column elementor-col-50 elementor-inner-column elementor-element elementor-element-74789304\" data-id=\"74789304\" data-element_type=\"column\" data-e-type=\"column\">\n\t\t\t<div class=\"elementor-widget-wrap elementor-element-populated\">\n\t\t\t\t\t\t<div class=\"elementor-element elementor-element-7ab1d897 elementor-widget elementor-widget-heading\" data-id=\"7ab1d897\" data-element_type=\"widget\" data-e-type=\"widget\" data-widget_type=\"heading.default\">\n\t\t\t\t<div class=\"elementor-widget-container\">\n\t\t\t\t\t<h2 class=\"elementor-heading-title elementor-size-default\">Gu\u00eda de Bienes Ra\u00edces<\/h2>\t\t\t\t<\/div>\n\t\t\t\t<\/div>\n\t\t\t\t<div class=\"elementor-element elementor-element-80fbde6 elementor-widget elementor-widget-heading\" data-id=\"80fbde6\" data-element_type=\"widget\" data-e-type=\"widget\" data-widget_type=\"heading.default\">\n\t\t\t\t<div class=\"elementor-widget-container\">\n\t\t\t\t\t<h2 class=\"elementor-heading-title elementor-size-default\">Alquila y Compra en Panam\u00e1<\/h2>\t\t\t\t<\/div>\n\t\t\t\t<\/div>\n\t\t\t\t<div class=\"elementor-element elementor-element-612d87d elementor-align-center elementor-icon-list--layout-traditional elementor-list-item-link-full_width elementor-widget elementor-widget-icon-list\" data-id=\"612d87d\" data-element_type=\"widget\" data-e-type=\"widget\" data-widget_type=\"icon-list.default\">\n\t\t\t\t<div class=\"elementor-widget-container\">\n\t\t\t\t\t\t\t<ul class=\"elementor-icon-list-items\">\n\t\t\t\t\t\t\t<li class=\"elementor-icon-list-item\">\n\t\t\t\t\t\t\t\t\t\t\t<span class=\"elementor-icon-list-icon\">\n\t\t\t\t\t\t\t\t\t\t\t\t\t\t\t\t<i class=\"fa fa-check\" aria-hidden=\"true\"><\/i>\n\t\t\t\t\t\t\t\t\t\t\t\t\t<\/span>\n\t\t\t\t\t\t\t\t\t\t<span class=\"elementor-icon-list-text\">Comprenda el proceso de compra y alquiler de Panam\u00e1 en menos de 30 minutos<\/span>\n\t\t\t\t\t\t\t\t\t<\/li>\n\t\t\t\t\t\t\t\t<li class=\"elementor-icon-list-item\">\n\t\t\t\t\t\t\t\t\t\t\t<span class=\"elementor-icon-list-icon\">\n\t\t\t\t\t\t\t\t\t\t\t\t\t\t\t\t<i class=\"fa fa-check\" aria-hidden=\"true\"><\/i>\n\t\t\t\t\t\t\t\t\t\t\t\t\t<\/span>\n\t\t\t\t\t\t\t\t\t\t<span class=\"elementor-icon-list-text\">Ac\u00e9rquese a lo que desea y aprende c\u00f3mo obtenerlo, sin sorpresas en el camino.<\/span>\n\t\t\t\t\t\t\t\t\t<\/li>\n\t\t\t\t\t\t<\/ul>\n\t\t\t\t\t\t<\/div>\n\t\t\t\t<\/div>\n\t\t\t\t<div class=\"elementor-element elementor-element-359f899 elementor-hidden-desktop elementor-hidden-tablet elementor-hidden-phone elementor-widget elementor-widget-html\" data-id=\"359f899\" data-element_type=\"widget\" data-e-type=\"widget\" data-widget_type=\"html.default\">\n\t\t\t\t<div class=\"elementor-widget-container\">\n\t\t\t\t\t<!--[if lte IE 8]>\n<script charset=\"utf-8\" type=\"text\/javascript\" src=\"\/\/js.hsforms.net\/forms\/v2-legacy.js\"><\/script>\n<![endif]-->\n<script charset=\"utf-8\" type=\"text\/javascript\" src=\"\/\/js.hsforms.net\/forms\/v2.js\"><\/script>\n<script>\n  hbspt.forms.create({\n\tportalId: \"2175900\",\n\tformId: \"2be02c0b-e990-4bf7-94fb-d637d39943b2\"\n});\n<\/script>\t\t\t\t<\/div>\n\t\t\t\t<\/div>\n\t\t\t\t<div class=\"elementor-element elementor-element-f695409 elementor-widget elementor-widget-html\" data-id=\"f695409\" data-element_type=\"widget\" data-e-type=\"widget\" data-widget_type=\"html.default\">\n\t\t\t\t<div class=\"elementor-widget-container\">\n\t\t\t\t\t<!--[if lte IE 8]>\n<script charset=\"utf-8\" type=\"text\/javascript\" src=\"\/\/js.hsforms.net\/forms\/v2-legacy.js\"><\/script>\n<![endif]-->\n<script charset=\"utf-8\" type=\"text\/javascript\" src=\"\/\/js.hsforms.net\/forms\/v2.js\"><\/script>\n<script>\n  hbspt.forms.create({\n\tportalId: \"2175900\",\n\tformId: \"2be02c0b-e990-4bf7-94fb-d637d39943b2\"\n});\n<\/script>\t\t\t\t<\/div>\n\t\t\t\t<\/div>\n\t\t\t\t\t<\/div>\n\t\t<\/div>\n\t\t\t\t\t<\/div>\n\t\t<\/section>\n\t\t\t\t\t<\/div>\n\t\t<\/div>\n\t\t\t\t\t<\/div>\n\t\t<\/section>\n\t\t\t\t<section class=\"elementor-section elementor-top-section elementor-element elementor-element-44ec683 elementor-section-boxed elementor-section-height-default elementor-section-height-default\" data-id=\"44ec683\" data-element_type=\"section\" data-e-type=\"section\">\n\t\t\t\t\t\t<div class=\"elementor-container elementor-column-gap-default\">\n\t\t\t\t\t<div class=\"elementor-column elementor-col-100 elementor-top-column elementor-element elementor-element-bac157b\" data-id=\"bac157b\" data-element_type=\"column\" data-e-type=\"column\">\n\t\t\t<div class=\"elementor-widget-wrap\">\n\t\t\t\t\t\t\t<\/div>\n\t\t<\/div>\n\t\t\t\t\t<\/div>\n\t\t<\/section>\n\t\t\t\t<\/div>\n\t\t","protected":false},"excerpt":{"rendered":"<p>Hogar Gu\u00eda de Bienes Ra\u00edces Alquila y Compra en Panam\u00e1 Comprenda el proceso de compra y alquiler de Panam\u00e1 en menos de 30 minutos Ac\u00e9rquese a lo que desea y aprende c\u00f3mo obtenerlo, sin sorpresas en el camino.<\/p>\n","protected":false},"author":18,"featured_media":43345,"parent":0,"menu_order":0,"comment_status":"closed","ping_status":"closed","template":"elementor_canvas","meta":{"content-type":"","footnotes":""},"categories":[],"tags":[],"class_list":["post-43214","page","type-page","status-publish","has-post-thumbnail","hentry"],"publishpress_future_action":{"enabled":false,"date":"2026-05-21 03:26:31","action":"change-status","newStatus":"draft","terms":[],"taxonomy":"category","extraData":[]},"publishpress_future_workflow_manual_trigger":{"enabledWorkflows":[]},"_links":{"self":[{"href":"https:\/\/www.panamaequity.com\/es\/wp-json\/wp\/v2\/pages\/43214","targetHints":{"allow":["GET"]}}],"collection":[{"href":"https:\/\/www.panamaequity.com\/es\/wp-json\/wp\/v2\/pages"}],"about":[{"href":"https:\/\/www.panamaequity.com\/es\/wp-json\/wp\/v2\/types\/page"}],"author":[{"embeddable":true,"href":"https:\/\/www.panamaequity.com\/es\/wp-json\/wp\/v2\/users\/18"}],"replies":[{"embeddable":true,"href":"https:\/\/www.panamaequity.com\/es\/wp-json\/wp\/v2\/comments?post=43214"}],"version-history":[{"count":0,"href":"https:\/\/www.panamaequity.com\/es\/wp-json\/wp\/v2\/pages\/43214\/revisions"}],"wp:featuredmedia":[{"embeddable":true,"href":"https:\/\/www.panamaequity.com\/es\/wp-json\/wp\/v2\/media\/43345"}],"wp:attachment":[{"href":"https:\/\/www.panamaequity.com\/es\/wp-json\/wp\/v2\/media?parent=43214"}],"wp:term":[{"taxonomy":"category","embeddable":true,"href":"https:\/\/www.panamaequity.com\/es\/wp-json\/wp\/v2\/categories?post=43214"},{"taxonomy":"post_tag","embeddable":true,"href":"https:\/\/www.panamaequity.com\/es\/wp-json\/wp\/v2\/tags?post=43214"}],"curies":[{"name":"wp","href":"https:\/\/api.w.org\/{rel}","templated":true}]}}