{"id":8396,"date":"2014-09-26T00:00:00","date_gmt":"2014-09-26T04:00:00","guid":{"rendered":"https:\/\/panamaequity.com\/casas-de-lujo-panama\/montanas\/"},"modified":"2019-06-04T13:24:29","modified_gmt":"2019-06-04T17:24:29","slug":"montanas","status":"publish","type":"page","link":"https:\/\/www.panamaequity.com\/es\/casas-de-lujo-panama\/montanas\/","title":{"rendered":"Propiedades de Lujo en las Monta\u00f1as de Panama"},"content":{"rendered":"<p>[vc_row][vc_column][vc_column_text]Navegue por nuestro listado de <strong>Propiedades de Lujo en las Monta\u00f1as de Panama<\/strong> y cont\u00e1ctenos por cualquier pregunta. En Panama Equity estamos contentos de poder contar con una variedad amplia de propiedades de lujo en las comunidades de monta\u00f1as en Panama. El flujo constante de extranjeros de alto valor adquisitivo en los \u00faltimos a\u00f1os, ha dado cabida a construcciones con est\u00e1ndares de calidad alto y propiedades con amplios espacios tanto en terrenos como en su construcci\u00f3n. Podr\u00e1 ver algunas de estas magn\u00edficas opciones en nuestro sitio web a continuaci\u00f3n.[\/vc_column_text][\/vc_column][\/vc_row][vc_row][vc_column][vc_tta_accordion style=&#8221;flat&#8221; color=&#8221;white&#8221; c_icon=&#8221;&#8221; active_section=&#8221;0&#8243; no_fill=&#8221;true&#8221; el_class=&#8221;prop-landing&#8221; css=&#8221;.vc_custom_1457651792479{background-color: #ffffff !important;}&#8221; collapsible_all=&#8221;true&#8221;][vc_tta_section title=&#8221;Leer m\u00e1s sobre Propiedades de Lujo en las Monta\u00f1as de Panama&#8221; tab_id=&#8221;leer-mas&#8221; el_class=&#8221;prop-read-more&#8221;][vc_column_text]<br \/>\nNormalmente cuando usted busca propiedades de Lujo en las Monta\u00f1as, usted pensar\u00eda solamente en Boquete, sin embargo, hay opciones en comunidades m\u00e1s cercanas a la ciudad de Panama.<\/p>\n<p>Podemos comenzar con Altos del Maria en donde, en los \u00faltimos a\u00f1os, una afluencia de clientes en busca de propiedades de alto nivel, con terrenos amplios y casas espaciosas se ha visto con m\u00e1s frecuencia. En Altos del Maria se puede adquirir propiedades de lujo con m\u00e1s de 4 mil metros de terreno con riachuelos y mini cascadas dentro del terreno y un tama\u00f1o de construcci\u00f3n amplio en donde las caracter\u00edsticas son terrazas muy amplias para disfrutar de las vistas panor\u00e1micas que ofrece esta comunidad de Monta\u00f1a en donde muchos extranjeros, principalmente de Estados Unidos y Ca\u00f1ada se han establecidos. La ubicaci\u00f3n es perfecta, ya que a solo 30 minutos en auto usted estar\u00e1 en la comunidad de playa m\u00e1s desarrollada en el pa\u00eds: Coronado, en donde encontrar\u00e1 todas las amenidades que usted necesita. Sin Embargo, si est\u00e1 buscando invertir en Altos del Maria, no tendr\u00e1 que ir muy lejos ya que a menos de un kil\u00f3metro est\u00e1 el pueblo de Sor\u00e1 donde hay dos supermercados con gran variedad de productos y un par de restaurantes.<\/p>\n<p>Otra de las comunidades de monta\u00f1a que llama mucho la atenci\u00f3n y el inter\u00e9s de nacionales y extranjeros es El Valle de Ant\u00f3n, que por su locaci\u00f3n y clima, ha sido uno de los destinos favoritos de quienes buscan un estilo de vida tranquilo, fresco y con variedad de restaurantes y amenidades a la vuelta de la esquina, entre estas amenidades est\u00e1 un nuevo centro comercial que ya cuenta con uno de las cadenas de supermercados m\u00e1s conocidas del pa\u00eds, bancos entre otras facilidades importante.<\/p>\n<p>En El Valle de Ant\u00f3n tambi\u00e9n se pueden encontrar propiedades de lujo, ya sea como residencia permanente o de fin de semana como es el caso de muchas familias paname\u00f1as que cuentan con esta facilidad. Muchas propiedades en esta categor\u00eda cuentan con terrenos muy amplios y en algunos casos hasta para tener caballos o amplias \u00e1reas de juegos.<\/p>\n<p>Las propiedades de lujo en estas comunidades normalmente est\u00e1n en un rango de precio entre los 500 mil y un mill\u00f3n de d\u00f3lares, quiz\u00e1s usted pensar\u00e1 que es mucho dinero, sin embargo, cuando se toma en cuenta los costos de construcci\u00f3n de hoy en d\u00eda y la log\u00edstica de construir en estas \u00e1reas, adem\u00e1s del tiempo de espera, tendr\u00e1 otra perspectiva. Adem\u00e1s, en muchos casos no hay terrenos con vistas o locaciones similares a las existentes.<\/p>\n<p>En Panama Equity contamos con inventarios de este tipo de propiedades de Lujo en donde la caracter\u00edstica principal de estas residencias son sus acabados impecables en muchas de ellas y una construcci\u00f3n s\u00f3lida que complace a quienes tienen buen gusto y la facilidad para pagar los mismos.<br \/>\n[\/vc_column_text][\/vc_tta_section][\/vc_tta_accordion][\/vc_column][\/vc_row]<\/p>\n","protected":false},"excerpt":{"rendered":"<p>[vc_row][vc_column][vc_column_text]Navegue por nuestro listado de Propiedades de Lujo en las Monta\u00f1as de Panama y cont\u00e1ctenos por cualquier pregunta. En Panama Equity estamos contentos de poder contar con una variedad amplia de propiedades de lujo en las comunidades de monta\u00f1as en Panama. El flujo constante de extranjeros de alto valor adquisitivo en los \u00faltimos a\u00f1os, ha&#8230;<\/p>\n","protected":false},"author":21145,"featured_media":0,"parent":8394,"menu_order":0,"comment_status":"closed","ping_status":"closed","template":"","meta":{"content-type":"","footnotes":""},"categories":[],"tags":[],"class_list":["post-8396","page","type-page","status-publish","hentry"],"publishpress_future_action":{"enabled":false,"date":"2026-05-15 22:42:32","action":"change-status","newStatus":"draft","terms":[],"taxonomy":"category","extraData":[]},"publishpress_future_workflow_manual_trigger":{"enabledWorkflows":[]},"_links":{"self":[{"href":"https:\/\/www.panamaequity.com\/es\/wp-json\/wp\/v2\/pages\/8396","targetHints":{"allow":["GET"]}}],"collection":[{"href":"https:\/\/www.panamaequity.com\/es\/wp-json\/wp\/v2\/pages"}],"about":[{"href":"https:\/\/www.panamaequity.com\/es\/wp-json\/wp\/v2\/types\/page"}],"author":[{"embeddable":true,"href":"https:\/\/www.panamaequity.com\/es\/wp-json\/wp\/v2\/users\/21145"}],"replies":[{"embeddable":true,"href":"https:\/\/www.panamaequity.com\/es\/wp-json\/wp\/v2\/comments?post=8396"}],"version-history":[{"count":0,"href":"https:\/\/www.panamaequity.com\/es\/wp-json\/wp\/v2\/pages\/8396\/revisions"}],"up":[{"embeddable":true,"href":"https:\/\/www.panamaequity.com\/es\/wp-json\/wp\/v2\/pages\/8394"}],"wp:attachment":[{"href":"https:\/\/www.panamaequity.com\/es\/wp-json\/wp\/v2\/media?parent=8396"}],"wp:term":[{"taxonomy":"category","embeddable":true,"href":"https:\/\/www.panamaequity.com\/es\/wp-json\/wp\/v2\/categories?post=8396"},{"taxonomy":"post_tag","embeddable":true,"href":"https:\/\/www.panamaequity.com\/es\/wp-json\/wp\/v2\/tags?post=8396"}],"curies":[{"name":"wp","href":"https:\/\/api.w.org\/{rel}","templated":true}]}}