{"id":8462,"date":"2017-01-26T00:00:00","date_gmt":"2017-01-26T05:00:00","guid":{"rendered":"https:\/\/panamaequity.com\/panama-real-estate\/bienes-raices-en-isla-contadora\/"},"modified":"2026-03-23T09:16:49","modified_gmt":"2026-03-23T14:16:49","slug":"bienes-raices-en-isla-contadora","status":"publish","type":"page","link":"https:\/\/www.panamaequity.com\/es\/edificios-en-panama\/bienes-raices-en-isla-contadora\/","title":{"rendered":"Bienes Ra\u00edces en Isla Contadora"},"content":{"rendered":"\t\t<div data-elementor-type=\"wp-page\" data-elementor-id=\"8462\" class=\"elementor elementor-8462 elementor-8163\" data-elementor-post-type=\"page\">\n\t\t\t\t\t\t<section class=\"elementor-section elementor-top-section elementor-element elementor-element-1b927e9b elementor-section-boxed elementor-section-height-default elementor-section-height-default\" data-id=\"1b927e9b\" data-element_type=\"section\" data-e-type=\"section\">\n\t\t\t\t\t\t<div class=\"elementor-container elementor-column-gap-default\">\n\t\t\t\t\t<div class=\"elementor-column elementor-col-100 elementor-top-column elementor-element elementor-element-598bc277\" data-id=\"598bc277\" data-element_type=\"column\" data-e-type=\"column\">\n\t\t\t<div class=\"elementor-widget-wrap elementor-element-populated\">\n\t\t\t\t\t\t<div class=\"elementor-element elementor-element-3d7fcbdb elementor-widget elementor-widget-text-editor\" data-id=\"3d7fcbdb\" data-element_type=\"widget\" data-e-type=\"widget\" data-widget_type=\"text-editor.default\">\n\t\t\t\t<div class=\"elementor-widget-container\">\n\t\t\t\t\t\t\t\t\t<p><span style=\"font-weight: 400;\">Explora nuestros anuncios de bienes ra\u00edces en Contadora y ponte en contacto con nosotros si tienes cualquier pregunta. Isla Contadora Panam\u00e1 tiene una larga historia de piratas, expediciones de pesca y playas de arena blanca. El mercado de bienes ra\u00edces de Contadora siempre ha estado compuesto por las familias ricas de Panam\u00e1 y en los \u00faltimos 20 a\u00f1os ha incluido a algunos residentes muy destacados como el Shah de Ir\u00e1n, Ricky Martin y algunas otras celebridades que han comprado casas en Contadora.<\/span><\/p><p>\u00a0<\/p><p>The landscape of Contadora Island changes with the seasons. During Panama\u2019s summer months, the temperature is consistently 2-3 degrees cooler than mainland Panama, mainly because Contadora\u2019s coasts get more winds and are surrounded by cooler, deeper water.<\/p><p>\u00a0<\/p><p>The topography of Contadora Island is varied, with its highest point being just under 500 meters tall. The winter months are known as the best fishing months in the waters near Contadora Island, although the fishing is world class virtually year round.<\/p><p>\u00a0<\/p><p>Life on Contadora Island Panama is the definition of beach living: slow lazy mornings followed by warm afternoons and breathtaking sunsets. On a clear day, one can even see the mainland of Panama in the far distance, providing quite the contrast! There are paved roads throughout the island, above ground power lines, a regulated water system, as well as a fully functioning airport.<\/p><p>\u00a0<\/p><p>Contadora Island in recent years has become a frequently visited destination by travelers and Panamanian residents alike. There are several hotels on Contadora Island, as well as a handful of restaurants, shops, and small convenience stores. Most full time residents of Contadora make the 1.5 hour ferry trip to Panama City once a week to load up on specialty groceries and other items that cant be found in the island.<\/p><p>\u00a0<\/p><p>Contadora Island real estate is quite diverse and ranges from beachfront lots for sale, single family homes, and apartment options. There are also a number of neighboring islands in the Pearl Island Archipleago, near Contadora Island, that feature high-end residential developments and marinas, including this Pearl Island Panama project.<\/p><p>\u00a0<\/p><p>The name Contadora, which literally translates as &#8220;accountant&#8221; in Panama, became associated with the island because Contadora was the original location where the pearls (harvested in the Pearl Islands) were counted. To get there, the Contadora Island ferry leaves from the Amador Causeway, behind the biodiversity museum once a day and twice on Saturday. A round trip ticket to and from Contadora will run roughly $80.00 per person.<\/p>\t\t\t\t\t\t\t\t<\/div>\n\t\t\t\t<\/div>\n\t\t\t\t\t<\/div>\n\t\t<\/div>\n\t\t\t\t\t<\/div>\n\t\t<\/section>\n\t\t\t\t<\/div>\n\t\t","protected":false},"excerpt":{"rendered":"<p>Explora nuestros anuncios de bienes ra\u00edces en Contadora y ponte en contacto con nosotros si tienes cualquier pregunta. Isla Contadora Panam\u00e1 tiene una larga historia de piratas, expediciones de pesca y playas de arena blanca. El mercado de bienes ra\u00edces de Contadora siempre ha estado compuesto por las familias ricas de Panam\u00e1 y en los&#8230;<\/p>\n","protected":false},"author":21145,"featured_media":18258,"parent":155621,"menu_order":0,"comment_status":"closed","ping_status":"closed","template":"elementor_header_footer","meta":{"content-type":"","footnotes":""},"categories":[],"tags":[],"class_list":["post-8462","page","type-page","status-publish","has-post-thumbnail","hentry"],"publishpress_future_action":{"enabled":false,"date":"2026-05-05 03:54:45","action":"change-status","newStatus":"draft","terms":[],"taxonomy":"category","extraData":[]},"publishpress_future_workflow_manual_trigger":{"enabledWorkflows":[]},"_links":{"self":[{"href":"https:\/\/www.panamaequity.com\/es\/wp-json\/wp\/v2\/pages\/8462","targetHints":{"allow":["GET"]}}],"collection":[{"href":"https:\/\/www.panamaequity.com\/es\/wp-json\/wp\/v2\/pages"}],"about":[{"href":"https:\/\/www.panamaequity.com\/es\/wp-json\/wp\/v2\/types\/page"}],"author":[{"embeddable":true,"href":"https:\/\/www.panamaequity.com\/es\/wp-json\/wp\/v2\/users\/21145"}],"replies":[{"embeddable":true,"href":"https:\/\/www.panamaequity.com\/es\/wp-json\/wp\/v2\/comments?post=8462"}],"version-history":[{"count":0,"href":"https:\/\/www.panamaequity.com\/es\/wp-json\/wp\/v2\/pages\/8462\/revisions"}],"up":[{"embeddable":true,"href":"https:\/\/www.panamaequity.com\/es\/wp-json\/wp\/v2\/pages\/155621"}],"wp:featuredmedia":[{"embeddable":true,"href":"https:\/\/www.panamaequity.com\/es\/wp-json\/wp\/v2\/media\/18258"}],"wp:attachment":[{"href":"https:\/\/www.panamaequity.com\/es\/wp-json\/wp\/v2\/media?parent=8462"}],"wp:term":[{"taxonomy":"category","embeddable":true,"href":"https:\/\/www.panamaequity.com\/es\/wp-json\/wp\/v2\/categories?post=8462"},{"taxonomy":"post_tag","embeddable":true,"href":"https:\/\/www.panamaequity.com\/es\/wp-json\/wp\/v2\/tags?post=8462"}],"curies":[{"name":"wp","href":"https:\/\/api.w.org\/{rel}","templated":true}]}}