{"id":8509,"date":"2017-01-26T00:00:00","date_gmt":"2017-01-26T05:00:00","guid":{"rendered":"https:\/\/panamaequity.com\/trump-ocean-club-panama\/"},"modified":"2025-09-16T15:32:40","modified_gmt":"2025-09-16T20:32:40","slug":"trump-ocean-club-panama","status":"publish","type":"page","link":"https:\/\/www.panamaequity.com\/es\/trump-ocean-club-panama\/","title":{"rendered":"Trump Ocean Club Panam\u00e1"},"content":{"rendered":"<p>[vc_row][vc_column][vc_column_text]<span style=\"font-weight: 400;\">Buscas un apartamento en venta o alquiler en el Trump Ocean Club? Entonces ya sabes por qu\u00e9 este desarrollo ha establecido el est\u00e1ndar para residencias de lujo en la Ciudad de Panam\u00e1, Rep\u00fablica de Panam\u00e1. Ubicado en el super exclusivo barrio de Punta Pac\u00edfica, el Club se eleva por encima de los edificios vecinos, tanto literal como figurativamente, ofreciendo una de las listas m\u00e1s completas de amenidades disponibles en cualquier condominio en Panam\u00e1.<\/span><span style=\"font-weight: 400;\"><br \/>\n<\/span><span style=\"font-weight: 400;\"><br \/>\n<\/span><span style=\"font-weight: 400;\">Aseg\u00farate de revisar la extensa lista de servicios del Club y el club de playa Trump Panama Island Beach Club, y navega los listados de apartamentos disponibles para la venta en el Club, a continuaci\u00f3n.<\/span>[\/vc_column_text][\/vc_column][\/vc_row][vc_row][vc_column][vc_tta_accordion style=&#8221;flat&#8221; color=&#8221;white&#8221; c_icon=&#8221;&#8221; active_section=&#8221;0&#8243; no_fill=&#8221;true&#8221; collapsible_all=&#8221;true&#8221; el_class=&#8221;prop-landing&#8221; css=&#8221;.vc_custom_1457651792479{background-color: #ffffff !important;}&#8221;][vc_tta_section title=&#8221;Read more about Trump Ocean Club Panama&#8221; tab_id=&#8221;read-more&#8221; el_class=&#8221;prop-read-more&#8221;][vc_column_text]<br \/>\nWalk into Trump Ocean Club Panama and you are immediately greeted by one of five concierges and valet parking attendants. Feel like a drink before heading up to your apartment? Choose from one of eight restaurants with both gourmet and standard options, ranging from ready made sandwiches to five course fine dining. Take a swim in one of four swimming pools, get a workout at the 10,000 square foot gym, where you\u2019ll find Claudio the full time personal trainer available all day every day, or through the Residence lobby and be whisked up to your condo.<\/p>\n<p>Towel service, room service, maid turndown service\u2026they are all available in the Ocean Club because this building shares space with the internationally famous <a href=\"https:\/\/www.marriott.com\/hotels\/travel\/ptymj-jw-marriott-panama\/\" target=\"_blank\" rel=\"noopener\">Trump Panama Hotel<\/a>, meaning residents have access to all of the hotel amenities.<\/p>\n<h2>Trump Ocean Club Condos for sale<\/h2>\n<p>Condos for sale and<a href=\"https:\/\/www.panamaequity.com\/es\/la-tana-panama-bar-1024x601-2\/\">\u00a0rentals<\/a> range from 75-meter studios to 400-meter penthouse apartments. Interiors are designed to an international standard to include high-end appliances, kitchen finishings, and well designed, modern floorplans. All units have ocean views and balconies.<\/p>\n<p>Trump Ocean Club, defining luxury in Panama.<br \/>\n[\/vc_column_text][\/vc_tta_section][\/vc_tta_accordion][\/vc_column][\/vc_row]<\/p>\n","protected":false},"excerpt":{"rendered":"<p>[vc_row][vc_column][vc_column_text]Buscas un apartamento en venta o alquiler en el Trump Ocean Club? Entonces ya sabes por qu\u00e9 este desarrollo ha establecido el est\u00e1ndar para residencias de lujo en la Ciudad de Panam\u00e1, Rep\u00fablica de Panam\u00e1. Ubicado en el super exclusivo barrio de Punta Pac\u00edfica, el Club se eleva por encima de los edificios vecinos, tanto&#8230;<\/p>\n","protected":false},"author":21145,"featured_media":155117,"parent":0,"menu_order":0,"comment_status":"closed","ping_status":"closed","template":"","meta":{"content-type":"","footnotes":""},"categories":[],"tags":[],"class_list":["post-8509","page","type-page","status-publish","has-post-thumbnail","hentry"],"publishpress_future_action":{"enabled":false,"date":"2026-05-10 08:32:43","action":"change-status","newStatus":"draft","terms":[],"taxonomy":"category","extraData":[]},"publishpress_future_workflow_manual_trigger":{"enabledWorkflows":[]},"_links":{"self":[{"href":"https:\/\/www.panamaequity.com\/es\/wp-json\/wp\/v2\/pages\/8509","targetHints":{"allow":["GET"]}}],"collection":[{"href":"https:\/\/www.panamaequity.com\/es\/wp-json\/wp\/v2\/pages"}],"about":[{"href":"https:\/\/www.panamaequity.com\/es\/wp-json\/wp\/v2\/types\/page"}],"author":[{"embeddable":true,"href":"https:\/\/www.panamaequity.com\/es\/wp-json\/wp\/v2\/users\/21145"}],"replies":[{"embeddable":true,"href":"https:\/\/www.panamaequity.com\/es\/wp-json\/wp\/v2\/comments?post=8509"}],"version-history":[{"count":0,"href":"https:\/\/www.panamaequity.com\/es\/wp-json\/wp\/v2\/pages\/8509\/revisions"}],"wp:featuredmedia":[{"embeddable":true,"href":"https:\/\/www.panamaequity.com\/es\/wp-json\/wp\/v2\/media\/155117"}],"wp:attachment":[{"href":"https:\/\/www.panamaequity.com\/es\/wp-json\/wp\/v2\/media?parent=8509"}],"wp:term":[{"taxonomy":"category","embeddable":true,"href":"https:\/\/www.panamaequity.com\/es\/wp-json\/wp\/v2\/categories?post=8509"},{"taxonomy":"post_tag","embeddable":true,"href":"https:\/\/www.panamaequity.com\/es\/wp-json\/wp\/v2\/tags?post=8509"}],"curies":[{"name":"wp","href":"https:\/\/api.w.org\/{rel}","templated":true}]}}