{"id":8514,"date":"2017-01-26T00:00:00","date_gmt":"2017-01-26T05:00:00","guid":{"rendered":"https:\/\/panamaequity.com\/casas-en-pedasi-panama\/"},"modified":"2019-06-04T13:24:30","modified_gmt":"2019-06-04T17:24:30","slug":"casas-en-pedasi-panama","status":"publish","type":"page","link":"https:\/\/www.panamaequity.com\/es\/casas-en-pedasi-panama\/","title":{"rendered":"Casas en Pedasi Panama"},"content":{"rendered":"<p>[vc_row][vc_column][vc_column_text]Navegue por nuestra lista de propiedades y casas en Pedas\u00ed y cont\u00e1ctenos si tiene alguna pregunta. Amigable, encantadora y limpio es como los residentes y visitantes han descrito a Pedas\u00ed en Panam\u00e1. Pedas\u00ed es una comunidad de aproximadamente 3000 residentes ubicada en el \u00e1rea Sureste de la Pen\u00ednsula de Azuero en Panama.[\/vc_column_text][\/vc_column][\/vc_row][vc_row][vc_column][vc_tta_accordion style=&#8221;flat&#8221; color=&#8221;white&#8221; c_icon=&#8221;&#8221; active_section=&#8221;0&#8243; no_fill=&#8221;true&#8221; el_class=&#8221;prop-landing&#8221; css=&#8221;.vc_custom_1457651792479{background-color: #ffffff !important;}&#8221; collapsible_all=&#8221;true&#8221;][vc_tta_section title=&#8221;Leer m\u00e1s sobre Casas en Pedasi Panama&#8221; tab_id=&#8221;leer-mas&#8221; el_class=&#8221;prop-read-more&#8221;][vc_column_text]<br \/>\nDisfrute de unos de los climas mas secos en Panama. Aproximadamente unas 4 horas en auto de la ciudad de Panama, el sector de casas en Pedas\u00ed mantiene su encanto de pueblo peque\u00f1o a pesar del crecimiento y llegada de proyectos en el centro del pueblo y las \u00e1reas frente a la playa. Los residentes disfrutan de un estilo de vida mas lento y pac\u00edfico y a no mas de 30 minutos se encuentra la ciudad de Las Tablas en donde se ubican oficinas del gobierno, supermercados 24 horas y por supuesto, la celebraci\u00f3n n\u00famero uno del carnaval en Panama.<\/p>\n<p>La pen\u00ednsula de Azuero comprende muchas tierras para la ganader\u00eda, con colinas extensas de grama y pastos verdes. Es com\u00fan ver ganado tipo Brahman, extensas fincas y vaqueros a lo largo de la carretera principal guiando al ganado de un pastizal al otro. Dentro de este ambiente ganadero, los Bienes Ra\u00edces y casas en Pedas\u00ed tienen la ventaja de estar frente a la playa en donde el surfeo es muy conocido por su caracter\u00edsticas de clase mundial adem\u00e1s de la pesca y el buceo. Isla Iguana y Playa Venao est\u00e1n entre unos de los dos destinos principales del turismo en Panama.<\/p>\n<p>En la actualizada, el gobierno de Panama est\u00e1 invirtiendo una cantidad masiva de dinero en la Pen\u00ednsula de Azero. Los Proyeccto e infraestructura ya est\u00e1n en camino e incluye la transformaci\u00f3n a cuatro carriles de la carretera que va desde Divisa hasta Las Tablas adem\u00e1s de dos nuevos hospitales en el \u00e1rea de Los Santos y Pedas\u00ed.<\/p>\n<p>Las casas en Pedas\u00ed ha incrementado en los \u00faltimos 12 meses despu\u00e9s de haber tenido un tiempo dif\u00edcil debido a la econom\u00eda mundial, Pedas\u00ed est\u00e1 previsto en regresar mas fuerte. Recientemente, inversionistas han comprado extensiones de tierra frente al mar cuyas inversiones son multimillonarias para crear mas desarrollos en Pedas\u00ed, incluyendo un grupo de inversionistas relacionados con la cadena de Hoteles Sheraton en Panama. Este tipo de inversiones ayudar\u00e1 a proveer a Pedas\u00ed con una buena sustancia para su continuo desarrollo.<\/p>\n<p>Se le conoce a Pedas\u00ed como uno de los destinos mas comunes en Panam\u00e1, desde una perspectiva eco tur\u00edstica con gran potencial. Tambi\u00e9n se le compara con lugares muy conocidos como Tamarindo o Manuel Antonio en Costa Rica gracias a su belleza natural, actividades al aire libre impresionantes y una infraestructura comparativa. Pedas\u00ed encierra todo lo aut\u00e9ntico de Panama&#8212;desde su arte hasta su m\u00fasica tradicional&#8212;lo cual es muy bueno. En los \u00faltimos a\u00f1os hemos visto como se ha desarrollado, lentamente pero seguro, el \u00e1rea de Pedas\u00ed: una estabilidad inusual en la mayor\u00eda de las naciones en desarrollo que est\u00e1n creciendo r\u00e1pidamente.<br \/>\n[\/vc_column_text][\/vc_tta_section][\/vc_tta_accordion][\/vc_column][\/vc_row]<\/p>\n","protected":false},"excerpt":{"rendered":"<p>[vc_row][vc_column][vc_column_text]Navegue por nuestra lista de propiedades y casas en Pedas\u00ed y cont\u00e1ctenos si tiene alguna pregunta. Amigable, encantadora y limpio es como los residentes y visitantes han descrito a Pedas\u00ed en Panam\u00e1. Pedas\u00ed es una comunidad de aproximadamente 3000 residentes ubicada en el \u00e1rea Sureste de la Pen\u00ednsula de Azuero en Panama.[\/vc_column_text][\/vc_column][\/vc_row][vc_row][vc_column][vc_tta_accordion style=&#8221;flat&#8221; color=&#8221;white&#8221; c_icon=&#8221;&#8221;&#8230;<\/p>\n","protected":false},"author":18,"featured_media":0,"parent":0,"menu_order":0,"comment_status":"closed","ping_status":"closed","template":"","meta":{"content-type":"","footnotes":""},"categories":[],"tags":[],"class_list":["post-8514","page","type-page","status-publish","hentry"],"publishpress_future_action":{"enabled":false,"date":"2026-04-11 15:33:23","action":"change-status","newStatus":"draft","terms":[],"taxonomy":"category","extraData":[]},"publishpress_future_workflow_manual_trigger":{"enabledWorkflows":[]},"_links":{"self":[{"href":"https:\/\/www.panamaequity.com\/es\/wp-json\/wp\/v2\/pages\/8514","targetHints":{"allow":["GET"]}}],"collection":[{"href":"https:\/\/www.panamaequity.com\/es\/wp-json\/wp\/v2\/pages"}],"about":[{"href":"https:\/\/www.panamaequity.com\/es\/wp-json\/wp\/v2\/types\/page"}],"author":[{"embeddable":true,"href":"https:\/\/www.panamaequity.com\/es\/wp-json\/wp\/v2\/users\/18"}],"replies":[{"embeddable":true,"href":"https:\/\/www.panamaequity.com\/es\/wp-json\/wp\/v2\/comments?post=8514"}],"version-history":[{"count":0,"href":"https:\/\/www.panamaequity.com\/es\/wp-json\/wp\/v2\/pages\/8514\/revisions"}],"wp:attachment":[{"href":"https:\/\/www.panamaequity.com\/es\/wp-json\/wp\/v2\/media?parent=8514"}],"wp:term":[{"taxonomy":"category","embeddable":true,"href":"https:\/\/www.panamaequity.com\/es\/wp-json\/wp\/v2\/categories?post=8514"},{"taxonomy":"post_tag","embeddable":true,"href":"https:\/\/www.panamaequity.com\/es\/wp-json\/wp\/v2\/tags?post=8514"}],"curies":[{"name":"wp","href":"https:\/\/api.w.org\/{rel}","templated":true}]}}